{"id":33466,"date":"2019-04-14T03:20:24","date_gmt":"2019-04-14T03:20:24","guid":{"rendered":"https:\/\/staging.nexusgroup.ca\/?page_id=33466"},"modified":"2023-07-27T22:30:14","modified_gmt":"2023-07-27T22:30:14","slug":"login-consultant","status":"publish","type":"page","link":"https:\/\/www.nexusgroup.ca\/fr\/login-consultant\/","title":{"rendered":"Login consultant"},"content":{"rendered":"<h2>Ouverture de session pour les consultants<\/h2>\n<p style=\"font-size: 1.2em;\">Consultants, veuillez <a href=\"https:\/\/nexusgroup.bbo.bullhornstaffing.com\/Login\/\">ouvrir une session ici<\/a>.<\/p>\n<p><!--\n\n\n<h3>Calendrier de paie<\/h3>\n\n\n\n\n<table style=\"width: 100%;\" cellspacing=\"2\" cellpadding=\"2\">\n\n\n<tbody>\n\n\n<tr>\n\n\n<td colspan=\"3\">\n\n\n<table style=\"font: Arial, Helvetica, sans-serif;\" width=\"100%\">\n\n\n<tbody>\n\n\n<tr>\n\n\n<td style=\"background-color: #ffff00; width: 18px;\"><\/td>\n\n\n\n\n<td style=\"font-weight: bold;\">\u00a0Les feuilles de temps des ***JOURS F\u00c9RI\u00c9S*** doivent \u00eatre remises 1\u00a0jour plus t\u00f4t<\/td>\n\n\n<\/tr>\n\n\n<\/tbody>\n\n\n<\/table>\n\n\n<\/td>\n\n\n<\/tr>\n\n\n\n\n<tr>\n\n\n<td style=\"height: 40px; width: 33%;\"><strong>P\u00e9riode de paie se terminant le<\/strong><\/td>\n\n\n\n\n<td style=\"width: 33%;\"><strong>Feuilles de temps dues avant 9\u00a0h le<\/strong><\/td>\n\n\n\n\n<td><strong>Date du d\u00e9p\u00f4t<\/strong><\/td>\n\n\n<\/tr>\n\n\n\n\n<tr>\n\n\n<td style=\"background-color: #ffff00;\">31\u00a0d\u00e9cembre 2017<\/td>\n\n\n\n\n<td style=\"background-color: #ffff00;\">2 janvier 2018<\/td>\n\n\n\n\n<td style=\"background-color: #ffff00;\">5 janvier 2018<\/td>\n\n\n<\/tr>\n\n\n\n\n<tr>\n\n\n<td>15 janvier 2018<\/td>\n\n\n\n\n<td>17 janvier 2018<\/td>\n\n\n\n\n<td>22 janvier 2018<\/td>\n\n\n<\/tr>\n\n\n\n\n<tr>\n\n\n<td>31 janvier 2018<\/td>\n\n\n\n\n<td>2 f\u00e9vrier 2018<\/td>\n\n\n\n\n<td>7 f\u00e9vrier 2018<\/td>\n\n\n<\/tr>\n\n\n\n\n<tr>\n\n\n<td>15 f\u00e9vrier 2018<\/td>\n\n\n\n\n<td>16 f\u00e9vrier 2018<\/td>\n\n\n\n\n<td>22 f\u00e9vrier 2018<\/td>\n\n\n<\/tr>\n\n\n\n\n<tr>\n\n\n<td style=\"background-color: #ffff00;\">28 f\u00e9vrier 2018<\/td>\n\n\n\n\n<td style=\"background-color: #ffff00;\">2 mars 2018<\/td>\n\n\n\n\n<td style=\"background-color: #ffff00;\">7 mars 2018<\/td>\n\n\n<\/tr>\n\n\n\n\n<tr>\n\n\n<td>15 mars 2018<\/td>\n\n\n\n\n<td>19 mars 2018<\/td>\n\n\n\n\n<td>22 mars 2018<\/td>\n\n\n<\/tr>\n\n\n\n\n<tr>\n\n\n<td style=\"background-color: #ffff00;\">31 mars 2018<\/td>\n\n\n\n\n<td style=\"background-color: #ffff00;\">3 avril 2018<\/td>\n\n\n\n\n<td style=\"background-color: #ffff00;\">6 avril 2018<\/td>\n\n\n<\/tr>\n\n\n\n\n<tr>\n\n\n<td>15 avril 2018<\/td>\n\n\n\n\n<td>17 avril 2018<\/td>\n\n\n\n\n<td>20 avril 2018<\/td>\n\n\n<\/tr>\n\n\n\n\n<tr>\n\n\n<td>30 avril 2018<\/td>\n\n\n\n\n<td>2 mai 2018<\/td>\n\n\n\n\n<td>7 mai 2018<\/td>\n\n\n<\/tr>\n\n\n\n\n<tr>\n\n\n<td>15 mai 2018<\/td>\n\n\n\n\n<td>16 mai 2018<\/td>\n\n\n\n\n<td>22 mai 2018<\/td>\n\n\n<\/tr>\n\n\n\n\n<tr>\n\n\n<td style=\"background-color: #ffff00;\">31 mai 2018<\/td>\n\n\n\n\n<td style=\"background-color: #ffff00;\">4 juin 2018<\/td>\n\n\n\n\n<td style=\"background-color: #ffff00;\">7 juin 2018<\/td>\n\n\n<\/tr>\n\n\n\n\n<tr>\n\n\n<td>15 juin 2018<\/td>\n\n\n\n\n<td>19 juin 2018<\/td>\n\n\n\n\n<td>22 juin 2018<\/td>\n\n\n<\/tr>\n\n\n\n\n<tr>\n\n\n<td>30 juin 2018<\/td>\n\n\n\n\n<td>3 juillet 2018<\/td>\n\n\n\n\n<td>6 juillet 2018<\/td>\n\n\n<\/tr>\n\n\n\n\n<tr>\n\n\n<td style=\"background-color: #ffff00;\">15 juillet 2018<\/td>\n\n\n\n\n<td style=\"background-color: #ffff00;\">17 juillet 2018<\/td>\n\n\n\n\n<td style=\"background-color: #ffff00;\">22 juillet 2018<\/td>\n\n\n<\/tr>\n\n\n\n\n<tr>\n\n\n<td>31 juillet 2018<\/td>\n\n\n\n\n<td>1er ao\u00fbt 2018<\/td>\n\n\n\n\n<td>7 ao\u00fbt 2018<\/td>\n\n\n<\/tr>\n\n\n\n\n<tr>\n\n\n<td style=\"background-color: #ffff00;\">15 ao\u00fbt 2018<\/td>\n\n\n\n\n<td style=\"background-color: #ffff00;\">17 ao\u00fbt 2018<\/td>\n\n\n\n\n<td style=\"background-color: #ffff00;\">22 ao\u00fbt 2018<\/td>\n\n\n<\/tr>\n\n\n\n\n<tr>\n\n\n<td>31 ao\u00fbt 2018<\/td>\n\n\n\n\n<td>4 septembre 2018<\/td>\n\n\n\n\n<td>7 septembre 2018<\/td>\n\n\n<\/tr>\n\n\n\n\n<tr>\n\n\n<td style=\"background-color: #ffff00;\">15 septembre 2018<\/td>\n\n\n\n\n<td style=\"background-color: #ffff00;\">18 septembre 2018<\/td>\n\n\n\n\n<td style=\"background-color: #ffff00;\">21 septembre 2018<\/td>\n\n\n<\/tr>\n\n\n\n\n<tr>\n\n\n<td>30 septembre 2018<\/td>\n\n\n\n\n<td>2 octobre 2018<\/td>\n\n\n\n\n<td>5 octobre 2018<\/td>\n\n\n<\/tr>\n\n\n\n\n<tr>\n\n\n<td style=\"background-color: #ffff00;\">15 octobre 2018<\/td>\n\n\n\n\n<td style=\"background-color: #ffff00;\">17 octobre 2018<\/td>\n\n\n\n\n<td style=\"background-color: #ffff00;\">22 octobre 2018<\/td>\n\n\n<\/tr>\n\n\n\n\n<tr>\n\n\n<td>31 octobre 2018<\/td>\n\n\n\n\n<td>2 novembre 2018<\/td>\n\n\n\n\n<td>7 novembre 2018<\/td>\n\n\n<\/tr>\n\n\n\n\n<tr>\n\n\n<td>15 novembre 2018<\/td>\n\n\n\n\n<td>19 novembre 2018<\/td>\n\n\n\n\n<td>22 novembre 2018<\/td>\n\n\n<\/tr>\n\n\n\n\n<tr>\n\n\n<td>30 novembre 2018<\/td>\n\n\n\n\n<td>4 d\u00e9cembre 2018<\/td>\n\n\n\n\n<td>7 d\u00e9cembre 2018<\/td>\n\n\n<\/tr>\n\n\n\n\n<tr>\n\n\n<td>15 d\u00e9cembre 2018<\/td>\n\n\n\n\n<td>18 d\u00e9cembre 2018<\/td>\n\n\n\n\n<td>21 d\u00e9cembre 2018<\/td>\n\n\n<\/tr>\n\n\n<\/tbody>\n\n\n<\/table>\n\n --><\/p>\n","protected":false},"excerpt":{"rendered":"<p>Ouverture de session pour les consultants Consultants, veuillez ouvrir une session ici.<\/p>\n","protected":false},"author":1,"featured_media":0,"parent":0,"menu_order":0,"comment_status":"closed","ping_status":"closed","template":"","meta":{"inline_featured_image":false,"_genesis_hide_title":false,"_genesis_hide_breadcrumbs":false,"_genesis_hide_singular_image":false,"_genesis_hide_footer_widgets":false,"_genesis_custom_body_class":"","_genesis_custom_post_class":"","_genesis_layout":"","footnotes":""},"class_list":{"0":"post-33466","1":"page","2":"type-page","3":"status-publish","5":"entry"},"_links":{"self":[{"href":"https:\/\/www.nexusgroup.ca\/fr\/wp-json\/wp\/v2\/pages\/33466","targetHints":{"allow":["GET"]}}],"collection":[{"href":"https:\/\/www.nexusgroup.ca\/fr\/wp-json\/wp\/v2\/pages"}],"about":[{"href":"https:\/\/www.nexusgroup.ca\/fr\/wp-json\/wp\/v2\/types\/page"}],"author":[{"embeddable":true,"href":"https:\/\/www.nexusgroup.ca\/fr\/wp-json\/wp\/v2\/users\/1"}],"replies":[{"embeddable":true,"href":"https:\/\/www.nexusgroup.ca\/fr\/wp-json\/wp\/v2\/comments?post=33466"}],"version-history":[{"count":0,"href":"https:\/\/www.nexusgroup.ca\/fr\/wp-json\/wp\/v2\/pages\/33466\/revisions"}],"wp:attachment":[{"href":"https:\/\/www.nexusgroup.ca\/fr\/wp-json\/wp\/v2\/media?parent=33466"}],"curies":[{"name":"wp","href":"https:\/\/api.w.org\/{rel}","templated":true}]}}