{"id":33457,"date":"2019-04-14T18:50:03","date_gmt":"2019-04-14T18:50:03","guid":{"rendered":"https:\/\/staging.nexusgroup.ca\/?page_id=33457"},"modified":"2019-04-14T22:16:36","modified_gmt":"2019-04-14T22:16:36","slug":"termes-et-conditions","status":"publish","type":"page","link":"https:\/\/www.nexusgroup.ca\/fr\/termes-et-conditions\/","title":{"rendered":"Termes et conditions"},"content":{"rendered":"<h2>Merci de visiter notre site.<\/h2>\n<p>Si vous continuez \u00e0 naviguer et \u00e0 utiliser ce site Web, vous acceptez de respecter les conditions d\u2019utilisation suivantes et d\u2019\u00eatre li\u00e9es par celles-ci; avec notre politique de confidentialit\u00e9, ces conditions r\u00e9gissent la relation entre vous et Nexus Systems Group Inc. relativement \u00e0 ce site Web.<\/p>\n<p>Les termes \u00ab\u00a0Nexus Systems Group Inc.\u00a0\u00bb, \u00ab\u00a0nous\u00a0\u00bb, \u00ab\u00a0notre\u00a0\u00bb ou \u00ab\u00a0nos\u00a0\u00bb font r\u00e9f\u00e9rence au propri\u00e9taire du site Web, dont le bureau inscrit est situ\u00e9 au 5401 Eglinton Ave.W., Suite 204, Toronto (Ontario)\u00a0\u00a0M9C 5K6 CANADA. Le terme \u00ab\u00a0vous\u00a0\u00bb fait r\u00e9f\u00e9rence \u00e0 l&rsquo;utilisateur de notre site Web ou \u00e0 la personne qui le consulte.<\/p>\n<p>L\u2019utilisation de ce site Web est assujettie aux conditions d\u2019utilisation suivantes\u00a0:<\/p>\n<ul>\n<li>Le contenu des pages de ce site Web est destin\u00e9 exclusivement \u00e0 des fins d\u2019information et d\u2019utilisation g\u00e9n\u00e9rales. Il peut changer sans pr\u00e9avis.<\/li>\n<li>Ni nous ni aucun tiers ne fournissons de garantie quant \u00e0 l\u2019exactitude, le caract\u00e8re opportun, la performance, l&rsquo;exhaustivit\u00e9 ou la pertinence \u00e0 des fins quelconques des renseignements et des documents qui se trouvent ou qui sont offerts sur ce site Web. Vous reconnaissez que ces renseignements et documents peuvent contenir des inexactitudes ou des erreurs, et nous excluons explicitement toute responsabilit\u00e9 pour de telles inexactitudes ou erreurs dans la pleine mesure permise par la loi.<\/li>\n<li>Votre utilisation des renseignements ou des documents est enti\u00e8rement \u00e0 vos risques, et nous ne pouvons en \u00eatre tenus responsables. C\u2019est \u00e0 vous qu\u2019il incombe de vous assurer que les produits, les services ou les renseignements accessibles par l&rsquo;entremise de ce site Web satisfont \u00e0 vos exigences sp\u00e9cifiques.<\/li>\n<li>Ce site Web contient du mat\u00e9riel qui nous appartient ou pour lequel nous avons une licence d\u2019utilisation. Ce mat\u00e9riel contient, notamment, la conception, la mise en page, l\u2019apparence et les graphiques. La reproduction est interdite, sauf si elle respecte l&rsquo;avis de droit d&rsquo;auteur, qui fait partie des pr\u00e9sentes conditions g\u00e9n\u00e9rales.<\/li>\n<li>Toutes les marques de commerce reproduites dans ce site Web qui n\u2019appartiennent pas \u00e0 l&rsquo;exploitant ou pour lesquelles celui-ci n&rsquo;a pas de licence d\u2019utilisation sont reconnues sur le site Web.<\/li>\n<li>L\u2019utilisation non autoris\u00e9e de ce site Web peut donner lieu \u00e0 une r\u00e9clamation en dommage-int\u00e9r\u00eats ou constituer une infraction criminelle.<\/li>\n<li>De temps \u00e0 autre, ce site Web peut \u00e9galement contenir des liens vers d&rsquo;autres sites Web. Ces liens sont fournis pour votre commodit\u00e9, pour vous fournir des renseignements suppl\u00e9mentaires. Ils ne signifient pas que nous recommandons ces sites Web. Nous n&rsquo;assumons aucune responsabilit\u00e9 pour le contenu de ces sites Web.<\/li>\n<li>Vous ne pouvez pas cr\u00e9er de lien vers ce site Web \u00e0 partir d\u2019un autre site Web ou document sans avoir obtenu le consentement \u00e9crit pr\u00e9alable de Nexus Systems Group Inc.<\/li>\n<li>Votre utilisation de ce site Web et tout diff\u00e9rend en d\u00e9coulant sont assujettis aux lois du Canada.<\/li>\n<\/ul>\n","protected":false},"excerpt":{"rendered":"<p>Merci de visiter notre site. Si vous continuez \u00e0 naviguer et \u00e0 utiliser ce site Web, vous acceptez de respecter les conditions d\u2019utilisation suivantes et d\u2019\u00eatre li\u00e9es par celles-ci; avec notre politique de confidentialit\u00e9, ces conditions r\u00e9gissent la relation entre vous et Nexus Systems Group Inc. relativement \u00e0 ce site Web. Les termes \u00ab\u00a0Nexus Systems [&hellip;]<\/p>\n","protected":false},"author":1,"featured_media":0,"parent":0,"menu_order":0,"comment_status":"closed","ping_status":"closed","template":"","meta":{"inline_featured_image":false,"_genesis_hide_title":false,"_genesis_hide_breadcrumbs":false,"_genesis_hide_singular_image":false,"_genesis_hide_footer_widgets":false,"_genesis_custom_body_class":"","_genesis_custom_post_class":"","_genesis_layout":"","footnotes":""},"class_list":{"0":"post-33457","1":"page","2":"type-page","3":"status-publish","5":"entry"},"_links":{"self":[{"href":"https:\/\/www.nexusgroup.ca\/fr\/wp-json\/wp\/v2\/pages\/33457","targetHints":{"allow":["GET"]}}],"collection":[{"href":"https:\/\/www.nexusgroup.ca\/fr\/wp-json\/wp\/v2\/pages"}],"about":[{"href":"https:\/\/www.nexusgroup.ca\/fr\/wp-json\/wp\/v2\/types\/page"}],"author":[{"embeddable":true,"href":"https:\/\/www.nexusgroup.ca\/fr\/wp-json\/wp\/v2\/users\/1"}],"replies":[{"embeddable":true,"href":"https:\/\/www.nexusgroup.ca\/fr\/wp-json\/wp\/v2\/comments?post=33457"}],"version-history":[{"count":0,"href":"https:\/\/www.nexusgroup.ca\/fr\/wp-json\/wp\/v2\/pages\/33457\/revisions"}],"wp:attachment":[{"href":"https:\/\/www.nexusgroup.ca\/fr\/wp-json\/wp\/v2\/media?parent=33457"}],"curies":[{"name":"wp","href":"https:\/\/api.w.org\/{rel}","templated":true}]}}