{"id":33423,"date":"2019-04-13T06:28:06","date_gmt":"2019-04-13T06:28:06","guid":{"rendered":"https:\/\/staging.nexusgroup.ca\/?page_id=33423"},"modified":"2019-04-14T22:19:48","modified_gmt":"2019-04-14T22:19:48","slug":"merci","status":"publish","type":"page","link":"https:\/\/www.nexusgroup.ca\/fr\/merci\/","title":{"rendered":"Merci"},"content":{"rendered":"<p>Nous avons re\u00e7u votre demande d\u2019information concernant l\u2019occasion affich\u00e9e sur notre site nexusgroup.ca et nous sommes en train de comparer vos qualifications aux exigences Si vos ant\u00e9c\u00e9dents et votre exp\u00e9rience correspondent aux exigences, nous prendrons contact avec vous pour demander des renseignements suppl\u00e9mentaires.<\/p>\n<p>Une fois encore merci d\u2019avoir pris contact avec Nexus Systems Group.<\/p>\n","protected":false},"excerpt":{"rendered":"<p>Nous avons re\u00e7u votre demande d\u2019information concernant l\u2019occasion affich\u00e9e sur notre site nexusgroup.ca et nous sommes en train de comparer vos qualifications aux exigences Si vos ant\u00e9c\u00e9dents et votre exp\u00e9rience correspondent aux exigences, nous prendrons contact avec vous pour demander des renseignements suppl\u00e9mentaires. Une fois encore merci d\u2019avoir pris contact avec Nexus Systems Group.<\/p>\n","protected":false},"author":1,"featured_media":0,"parent":0,"menu_order":0,"comment_status":"closed","ping_status":"closed","template":"","meta":{"inline_featured_image":false,"_genesis_hide_title":false,"_genesis_hide_breadcrumbs":false,"_genesis_hide_singular_image":false,"_genesis_hide_footer_widgets":false,"_genesis_custom_body_class":"","_genesis_custom_post_class":"","_genesis_layout":"full-width-content","footnotes":""},"class_list":{"0":"post-33423","1":"page","2":"type-page","3":"status-publish","5":"entry"},"_links":{"self":[{"href":"https:\/\/www.nexusgroup.ca\/fr\/wp-json\/wp\/v2\/pages\/33423","targetHints":{"allow":["GET"]}}],"collection":[{"href":"https:\/\/www.nexusgroup.ca\/fr\/wp-json\/wp\/v2\/pages"}],"about":[{"href":"https:\/\/www.nexusgroup.ca\/fr\/wp-json\/wp\/v2\/types\/page"}],"author":[{"embeddable":true,"href":"https:\/\/www.nexusgroup.ca\/fr\/wp-json\/wp\/v2\/users\/1"}],"replies":[{"embeddable":true,"href":"https:\/\/www.nexusgroup.ca\/fr\/wp-json\/wp\/v2\/comments?post=33423"}],"version-history":[{"count":0,"href":"https:\/\/www.nexusgroup.ca\/fr\/wp-json\/wp\/v2\/pages\/33423\/revisions"}],"wp:attachment":[{"href":"https:\/\/www.nexusgroup.ca\/fr\/wp-json\/wp\/v2\/media?parent=33423"}],"curies":[{"name":"wp","href":"https:\/\/api.w.org\/{rel}","templated":true}]}}