{"id":33422,"date":"2019-04-13T06:20:00","date_gmt":"2019-04-13T06:20:00","guid":{"rendered":"https:\/\/staging.nexusgroup.ca\/?page_id=33422"},"modified":"2019-04-14T22:11:10","modified_gmt":"2019-04-14T22:11:10","slug":"postuler-en-ligne","status":"publish","type":"page","link":"https:\/\/www.nexusgroup.ca\/fr\/postuler-en-ligne\/","title":{"rendered":"Postuler en ligne"},"content":{"rendered":" <form id=\"matador-application-form\" class=\"matador-application\" action=\"https:\/\/www.nexusgroup.ca\/fr\/matador\/api\/application\/\" enctype=\"multipart\/form-data\" method=\"post\"> <input type=\"hidden\" id=\"matador_application\" name=\"matador_application\" value=\"fedc43b8e0\" \/><input type=\"hidden\" name=\"_wp_http_referer\" value=\"\/fr\/wp-json\/wp\/v2\/pages\/33422\" \/> <div class=\"matador-field-group matador-field-name matador-field-template-text matador-field-type-text matador-required\"> <div class=\"matador-label\"> <h5 class=\"matador-field-label\"> <label for=\"name\"> Votre nom: <\/label> <\/h5> <\/div> <div class=\"matador-field\"> <input type=\"text\" id=\"name\" name=\"name\" value=\"\" required minlength=\"2\" \/> <\/div> <\/div> <div class=\"matador-field-group matador-field-email matador-field-template-text matador-field-type-email matador-required\"> <div class=\"matador-label\"> <h5 class=\"matador-field-label\"> <label for=\"email\"> Adresse courriel: <\/label> <\/h5> <\/div> <div class=\"matador-field\"> <input type=\"email\" id=\"email\" name=\"email\" value=\"\" required \/> <\/div> <\/div> <div class=\"matador-field-group matador-field-phone matador-field-template-text matador-field-type-tel\"> <div class=\"matador-label\"> <h5 class=\"matador-field-label\"> <label for=\"phone\"> Num\u00e9ro de t\u00e9l\u00e9phone: <\/label> <\/h5> <\/div> <div class=\"matador-field\"> <input type=\"tel\" id=\"phone\" name=\"phone\" value=\"\" \/> <\/div> <\/div> <div class=\"matador-field-group matador-field-resume matador-field-template-file matador-field-type-file matador-required\"> <div class=\"matador-label\"> <h5 class=\"matador-field-label\"><label> T\u00e9l\u00e9charger Reprendre Fichier: <\/label><\/h5> <\/div> <div class=\"matador-field\"> <label for=\"resume\" class=\"for-file\"> <svg xmlns=\"http:\/\/www.w3.org\/2000\/svg\" width=\"20\" height=\"17\" viewBox=\"0 0 20 17\"> <path d=\"M10 0l-5.2 4.9h3.3v5.1h3.8v-5.1h3.3l-5.2-4.9zm9.3 11.5l-3.2-2.1h-2l3.4 2.6h-3.5c-.1 0-.2.1-.2.1l-.8 2.3h-6l-.8-2.2c-.1-.1-.1-.2-.2-.2h-3.6l3.4-2.6h-2l-3.2 2.1c-.4.3-.7 1-.6 1.5l.6 3.1c.1.5.7.9 1.2.9h16.3c.6 0 1.1-.4 1.3-.9l.6-3.1c.1-.5-.2-1.2-.7-1.5z\"><\/path> <span>T\u00e9l\u00e9charger Reprendre Fichier: &hellip;<\/span> <\/svg> <\/label> <input type=\"file\" id=\"resume\" name=\"resume\" class=\"inputfile\" data-multiple-caption=\"{count} fichiers s\u00e9lectionn\u00e9s\" required accept=\".doc,.docx,.pdf,.html,.txt\" \/> <div class=\"matador-field-description\">Attachez un curriculum vitae. Les types de fichiers accept\u00e9s sont des DOC, DOCX, PDF, HTML, and TXT.<\/div> <\/div> <\/div> <div class=\"matador-field-group matador-field-privacy_policy_opt_in matador-field-template-checkbox matador-field-type-checkbox\"> <div class=\"matador-label\"> <\/div> <div class=\"matador-field\"> <ul class=\"checkboxes\"> <input type=\"hidden\" name=\"privacy_policy_opt_in[]\" \/> <li class=\"checkbox\"> <label for=\"privacy_policy_opt_in-1\"><input type=\"checkbox\" id=\"privacy_policy_opt_in-1\" name=\"privacy_policy_opt_in[]\" value=\"1\" required=\"required\" data-msg-required=\"Vous devez accepter notre politique de confidentialit\u00e9.\" minlength=\"1\" \/> En soumettant votre application, vous nous donnez la permission de stocker ces renseignements personnels vous concernant et de les utiliser afin de vous accompagner dans votre recherche d&#039;emploi, incluant les partages \u00e9ventuels avec nos partenaires et la compagnie en recrutement pour ce poste.<\/label> <\/li> <\/ul> <div class=\"matador-field-description\"><a href=\"https:\/\/www.nexusgroup.ca\/privacy-policy\/\" target=\"_blank\">Consultez notre politique de confidentialit\u00e9 pour plus d&#039;informations.<\/a><\/div> <\/div> <\/div> <div class=\"matador-field-group matador-field-terms_of_service_opt_in matador-field-template-checkbox matador-field-type-checkbox\"> <div class=\"matador-label\"> <\/div> <div class=\"matador-field\"> <ul class=\"checkboxes\"> <input type=\"hidden\" name=\"terms_of_service_opt_in[]\" \/> <li class=\"checkbox\"> <label for=\"terms_of_service_opt_in-1\"><input type=\"checkbox\" id=\"terms_of_service_opt_in-1\" name=\"terms_of_service_opt_in[]\" value=\"1\" required=\"required\" data-msg-required=\"Vous devez accepter notre politique de confidentialit\u00e9.\" minlength=\"1\" \/> By submitting this application, you agree to our Terms of Service.<\/label> <\/li> <\/ul> <div class=\"matador-field-description\"><a href=\"https:\/\/www.nexusgroup.ca\/terms-and-conditions\/\" target=\"_blank\">Examinez notre Politique de confidentialit\u00e9 pour plus d\u2019informations.<\/a><\/div> <\/div> <\/div> <div class=\"matador-field-group matador-field-job-seeker matador-field-template-text matador-field-type-text job-seeker\"> <div class=\"matador-label\"> <h5 class=\"matador-field-label\"> <label for=\"job-seeker\"> Les gens \u00e0 la recherche d\u2019un emploi ne devraient rien mettre ici. <\/label> <\/h5> <\/div> <div class=\"matador-field\"> <input type=\"text\" id=\"job-seeker\" name=\"job-seeker\" value=\"\" tabindex=\"-1\" \/> <\/div> <\/div> <input id=\"matador-submit\" class=\"matador-button\" name=\"submit\" type=\"submit\" value=\"Soumettre la Demande\"\/> <div id=\"matador-upload-overlay\"> <div class=\"matador-upload-overlay-background\"><\/div> <div class=\"matador-upload-overlay-message\"> <span class=\"spinner\"><\/span> <p>Nous t\u00e9l\u00e9chargeons votre application. Il peut prendre quelques instants pour lire votre curriculum vitae. Veuillez patienter!<\/p> <\/div> <\/div> <\/form> \n","protected":false},"excerpt":{"rendered":"","protected":false},"author":1,"featured_media":0,"parent":0,"menu_order":0,"comment_status":"closed","ping_status":"closed","template":"","meta":{"inline_featured_image":false,"_genesis_hide_title":false,"_genesis_hide_breadcrumbs":false,"_genesis_hide_singular_image":false,"_genesis_hide_footer_widgets":false,"_genesis_custom_body_class":"","_genesis_custom_post_class":"","_genesis_layout":"full-width-content","footnotes":""},"class_list":{"0":"post-33422","1":"page","2":"type-page","3":"status-publish","5":"entry"},"_links":{"self":[{"href":"https:\/\/www.nexusgroup.ca\/fr\/wp-json\/wp\/v2\/pages\/33422","targetHints":{"allow":["GET"]}}],"collection":[{"href":"https:\/\/www.nexusgroup.ca\/fr\/wp-json\/wp\/v2\/pages"}],"about":[{"href":"https:\/\/www.nexusgroup.ca\/fr\/wp-json\/wp\/v2\/types\/page"}],"author":[{"embeddable":true,"href":"https:\/\/www.nexusgroup.ca\/fr\/wp-json\/wp\/v2\/users\/1"}],"replies":[{"embeddable":true,"href":"https:\/\/www.nexusgroup.ca\/fr\/wp-json\/wp\/v2\/comments?post=33422"}],"version-history":[{"count":0,"href":"https:\/\/www.nexusgroup.ca\/fr\/wp-json\/wp\/v2\/pages\/33422\/revisions"}],"wp:attachment":[{"href":"https:\/\/www.nexusgroup.ca\/fr\/wp-json\/wp\/v2\/media?parent=33422"}],"curies":[{"name":"wp","href":"https:\/\/api.w.org\/{rel}","templated":true}]}}