{"id":33420,"date":"2019-04-13T05:57:20","date_gmt":"2019-04-13T05:57:20","guid":{"rendered":"https:\/\/staging.nexusgroup.ca\/?page_id=33420"},"modified":"2019-04-14T22:14:23","modified_gmt":"2019-04-14T22:14:23","slug":"associations-et-communaute","status":"publish","type":"page","link":"https:\/\/www.nexusgroup.ca\/fr\/qui-nous-sommes\/associations-et-communaute\/","title":{"rendered":"Associations et communaut\u00e9"},"content":{"rendered":"<p>Nexus est membre de la National Association of Canadian Consulting Businesses (<a href=\"http:\/\/www.naccb.ca\">NACCB<\/a>) Canada. <a href=\"http:\/\/www.naccb.ca\">NACCB<\/a> Canada a \u00e9t\u00e9 form\u00e9e en 2000 pour repr\u00e9senter les int\u00e9r\u00eats de Soci\u00e9t\u00e9s de services de TI concernant les politiques publiques canadiennes, et fournit une tribune aux dirigeants du secteur des services de TI qui leur permet de discuter des enjeux \u00e9mergents et d\u2019\u00e9changer des pratiques exemplaires. <\/p>\n<p><a href=\"www.naccb.ca\"><img decoding=\"async\" class=\"aligncenter\" src=\"http:\/\/nexusgroup.ca\/common\/images\/naccb_canada.gif\" alt=\"Naccb\" \/><\/a><\/p>\n<p>Nous sommes de forts partisans de la participation dans la communaut\u00e9. Nous sommes des participants actifs dans notre communaut\u00e9 et nous encourageons les personnes qui travaillent avec nous et pour nous d&rsquo;en faire de m\u00eame. Par l&rsquo;entremise d\u2019\u00e9v\u00e9nements et de commandites, Nexus a aid\u00e9 des organisations fantastiques telles que les suivantes\u00a0:<\/p>\n<p>&nbsp;<\/p>\n<div style=\"width: 100%;\">\n<div style=\"width: 24%; float: left; height: 130px;\">\n<div style=\"display: table-cell; vertical-align: middle; height: 130px;\"><img decoding=\"async\" src=\"\/wp-content\/uploads\/2015\/10\/khp-logo.png\" alt=\"Kids Help Phone\" \/><\/div>\n<\/div>\n<div style=\"width: 25%; float: left; height: 130px;\">\n<div style=\"display: table-cell; vertical-align: middle; height: 130px;\"><img decoding=\"async\" src=\"http:\/\/nexusgroup.ca\/common\/images\/canadian_cystic.jpg\" alt=\"Canadian Cystic Fibrosis Foundation\" \/><\/div>\n<\/div>\n<div style=\"width: 25%; float: left; height: 130px;\">\n<div style=\"display: table-cell; vertical-align: middle; height: 130px;\"><img decoding=\"async\" src=\"http:\/\/nexusgroup.ca\/common\/images\/canadian_brest_cancer.jpg\" alt=\"Canadian Brest Cancer Foundation\" \/><\/div>\n<\/div>\n<div style=\"width: 24%; float: left; height: 130px;\">\n<div style=\"display: table-cell; vertical-align: middle; height: 130px;\"><img loading=\"lazy\" decoding=\"async\" src=\"\/wp-content\/uploads\/2015\/10\/Holiday-Helperssm.png\" alt=\"Holiday Helper\" width=\"160\" height=\"124\" \/><\/div>\n<\/div>\n<\/div>\n","protected":false},"excerpt":{"rendered":"<p>Nexus est membre de la National Association of Canadian Consulting Businesses (NACCB) Canada. NACCB Canada a \u00e9t\u00e9 form\u00e9e en 2000 pour repr\u00e9senter les int\u00e9r\u00eats de Soci\u00e9t\u00e9s de services de TI concernant les politiques publiques canadiennes, et fournit une tribune aux dirigeants du secteur des services de TI qui leur permet de discuter des enjeux \u00e9mergents [&hellip;]<\/p>\n","protected":false},"author":1,"featured_media":0,"parent":33409,"menu_order":0,"comment_status":"closed","ping_status":"closed","template":"","meta":{"inline_featured_image":false,"_genesis_hide_title":false,"_genesis_hide_breadcrumbs":false,"_genesis_hide_singular_image":false,"_genesis_hide_footer_widgets":false,"_genesis_custom_body_class":"","_genesis_custom_post_class":"","_genesis_layout":"","footnotes":""},"class_list":{"0":"post-33420","1":"page","2":"type-page","3":"status-publish","5":"entry"},"_links":{"self":[{"href":"https:\/\/www.nexusgroup.ca\/fr\/wp-json\/wp\/v2\/pages\/33420","targetHints":{"allow":["GET"]}}],"collection":[{"href":"https:\/\/www.nexusgroup.ca\/fr\/wp-json\/wp\/v2\/pages"}],"about":[{"href":"https:\/\/www.nexusgroup.ca\/fr\/wp-json\/wp\/v2\/types\/page"}],"author":[{"embeddable":true,"href":"https:\/\/www.nexusgroup.ca\/fr\/wp-json\/wp\/v2\/users\/1"}],"replies":[{"embeddable":true,"href":"https:\/\/www.nexusgroup.ca\/fr\/wp-json\/wp\/v2\/comments?post=33420"}],"version-history":[{"count":0,"href":"https:\/\/www.nexusgroup.ca\/fr\/wp-json\/wp\/v2\/pages\/33420\/revisions"}],"up":[{"embeddable":true,"href":"https:\/\/www.nexusgroup.ca\/fr\/wp-json\/wp\/v2\/pages\/33409"}],"wp:attachment":[{"href":"https:\/\/www.nexusgroup.ca\/fr\/wp-json\/wp\/v2\/media?parent=33420"}],"curies":[{"name":"wp","href":"https:\/\/api.w.org\/{rel}","templated":true}]}}