{"id":33419,"date":"2019-04-13T05:54:00","date_gmt":"2019-04-13T05:54:00","guid":{"rendered":"https:\/\/staging.nexusgroup.ca\/?page_id=33419"},"modified":"2019-04-14T22:15:55","modified_gmt":"2019-04-14T22:15:55","slug":"nouvelles-et-prix","status":"publish","type":"page","link":"https:\/\/www.nexusgroup.ca\/fr\/qui-nous-sommes\/nouvelles-et-prix\/","title":{"rendered":"Nouvelles et prix"},"content":{"rendered":"<p>Reconnue \u00e0 l\u2019\u00e9chelle nationale parmi les compagnies \u00e0 la croissance la plus rapide en Am\u00e9rique du Nord, Nexus est fi\u00e8re d\u2019avoir remport\u00e9 de nombreux prix prestigieux.<\/p>\n<p>&nbsp;<\/p>\n<div>\n<a href=\"https:\/\/staging.nexusgroup.ca\/fr\/nexus-systems-group-inc-ranks-no-398-on-the-2018-growth-500\/\"><img decoding=\"async\" src=\"\/wp-content\/uploads\/2018\/09\/Growth-500-Logo-2018-Blue.png\" alt=\"Nexus Group Growth 500 2018\" style=\"height: 250px; float: left; padding-left: 8px; padding-right: 8px;\" height=\"250\" \/><\/a><\/p>\n<p><a href=\"https:\/\/staging.nexusgroup.ca\/fr\/nexus-systems-group-sinscrit-sur-la-liste-profit-500-de-2017\/\"><img decoding=\"async\" style=\"height: 250px; float: left; padding-left: 8px; padding-right: 8px;\" src=\"\/wp-content\/uploads\/2017\/09\/PROFIT-500-Logo-2017-BLUE.png\" alt=\"\" height=\"250\" \/><\/a><a href=\"https:\/\/staging.nexusgroup.ca\/fr\/nexus-systems-group-se-classe-au-103e-rang-sur-la-liste-branham300-des-250-plus-importantes-entreprises-de-tic-pour-2016\/\"><img decoding=\"async\" style=\"height: 250px; float: left; padding-left: 8px; padding-right: 8px;\" src=\"\/wp-content\/uploads\/2016\/08\/2016-Branham300-logo.png\" alt=\"2016 Branham300\" height=\"250\" \/><\/a><\/p>\n<p><a href=\"https:\/\/staging.nexusgroup.ca\/fr\/nexus-systems-group-sinscrit-sur-la-liste-profit-500-de-2015\/\"><img decoding=\"async\" style=\"height: 250px; float: left;\" src=\"\/wp-content\/uploads\/2015\/11\/profit500.png\" alt=\"\" height=\"250\" \/><\/a><\/p>\n<p><a href=\"https:\/\/staging.nexusgroup.ca\/fr\/nexus-systems-group-se-classe-au-29e-rang-sur-la-liste-profit-hot-50-de-2012\/\"><img decoding=\"async\" style=\"height: 250px; float: left;\" src=\"\/wp-content\/uploads\/2015\/11\/feature_profit501.jpg\" alt=\"\" height=\"250\" \/><\/a><\/p>\n<\/div>\n","protected":false},"excerpt":{"rendered":"<p>Reconnue \u00e0 l\u2019\u00e9chelle nationale parmi les compagnies \u00e0 la croissance la plus rapide en Am\u00e9rique du Nord, Nexus est fi\u00e8re d\u2019avoir remport\u00e9 de nombreux prix prestigieux. &nbsp;<\/p>\n","protected":false},"author":1,"featured_media":0,"parent":33409,"menu_order":0,"comment_status":"closed","ping_status":"closed","template":"","meta":{"inline_featured_image":false,"_genesis_hide_title":false,"_genesis_hide_breadcrumbs":false,"_genesis_hide_singular_image":false,"_genesis_hide_footer_widgets":false,"_genesis_custom_body_class":"","_genesis_custom_post_class":"","_genesis_layout":"","footnotes":""},"class_list":{"0":"post-33419","1":"page","2":"type-page","3":"status-publish","5":"entry","6":"has-post-thumbnail"},"_links":{"self":[{"href":"https:\/\/www.nexusgroup.ca\/fr\/wp-json\/wp\/v2\/pages\/33419","targetHints":{"allow":["GET"]}}],"collection":[{"href":"https:\/\/www.nexusgroup.ca\/fr\/wp-json\/wp\/v2\/pages"}],"about":[{"href":"https:\/\/www.nexusgroup.ca\/fr\/wp-json\/wp\/v2\/types\/page"}],"author":[{"embeddable":true,"href":"https:\/\/www.nexusgroup.ca\/fr\/wp-json\/wp\/v2\/users\/1"}],"replies":[{"embeddable":true,"href":"https:\/\/www.nexusgroup.ca\/fr\/wp-json\/wp\/v2\/comments?post=33419"}],"version-history":[{"count":0,"href":"https:\/\/www.nexusgroup.ca\/fr\/wp-json\/wp\/v2\/pages\/33419\/revisions"}],"up":[{"embeddable":true,"href":"https:\/\/www.nexusgroup.ca\/fr\/wp-json\/wp\/v2\/pages\/33409"}],"wp:attachment":[{"href":"https:\/\/www.nexusgroup.ca\/fr\/wp-json\/wp\/v2\/media?parent=33419"}],"curies":[{"name":"wp","href":"https:\/\/api.w.org\/{rel}","templated":true}]}}