{"id":33418,"date":"2019-04-13T05:50:54","date_gmt":"2019-04-13T05:50:54","guid":{"rendered":"https:\/\/staging.nexusgroup.ca\/?page_id=33418"},"modified":"2019-04-14T22:07:57","modified_gmt":"2019-04-14T22:07:57","slug":"services-conseils-en-technologie-et-prestation","status":"publish","type":"page","link":"https:\/\/www.nexusgroup.ca\/fr\/ce-que-nous-faisons\/services-conseils-en-technologie-et-prestation\/","title":{"rendered":"Services-conseils en technologie et prestation"},"content":{"rendered":"<p>Nexus a fourni des projets enti\u00e8rement impartis \u00e0 de nombreux clients du Fortune\u00a0500. Que vous souhaitiez impartir des projets de grande taille et g\u00e9rer la livraison vous-m\u00eame, ou demander \u00e0 Nexus de g\u00e9rer le projet d\u2019un bout \u00e0 l&rsquo;autre, notre \u00e9quipe peut vous rendre service. De l\u2019int\u00e9gration \u00e0 de nouveaux logiciels g\u00e9n\u00e9ralistes, Nexus l&rsquo;a fait.<\/p>\n<p><!--\n\nWE LOVE MOBILE!!! In January 2016, Nexus formed a strategic alliance with <a href=\"http:\/\/www.lixar.com\">Lixar.com<\/a> as part of the Nexus service offering, Nexus delivers\n\n\n<ul>\n \t\n\n<li>Mobile Solutions<\/li>\n\n\n \t\n\n<li>Data Science<\/li>\n\n\n \t\n\n<li>Experience Design<\/li>\n\n\n \t\n\n<li>Cloud Solutions<\/li>\n\n\n<\/ul>\n\n\nCheck out our solutions and partnership at <a href=\"http:\/\/www.lixar.com\">www.lixar.com<\/a>\n\n--><\/p>\n","protected":false},"excerpt":{"rendered":"<p>Nexus a fourni des projets enti\u00e8rement impartis \u00e0 de nombreux clients du Fortune\u00a0500. Que vous souhaitiez impartir des projets de grande taille et g\u00e9rer la livraison vous-m\u00eame, ou demander \u00e0 Nexus de g\u00e9rer le projet d\u2019un bout \u00e0 l&rsquo;autre, notre \u00e9quipe peut vous rendre service. De l\u2019int\u00e9gration \u00e0 de nouveaux logiciels g\u00e9n\u00e9ralistes, Nexus l&rsquo;a fait.<\/p>\n","protected":false},"author":1,"featured_media":0,"parent":33415,"menu_order":2,"comment_status":"closed","ping_status":"closed","template":"","meta":{"inline_featured_image":false,"_genesis_hide_title":false,"_genesis_hide_breadcrumbs":false,"_genesis_hide_singular_image":false,"_genesis_hide_footer_widgets":false,"_genesis_custom_body_class":"","_genesis_custom_post_class":"","_genesis_layout":"","footnotes":""},"class_list":{"0":"post-33418","1":"page","2":"type-page","3":"status-publish","5":"entry"},"_links":{"self":[{"href":"https:\/\/www.nexusgroup.ca\/fr\/wp-json\/wp\/v2\/pages\/33418","targetHints":{"allow":["GET"]}}],"collection":[{"href":"https:\/\/www.nexusgroup.ca\/fr\/wp-json\/wp\/v2\/pages"}],"about":[{"href":"https:\/\/www.nexusgroup.ca\/fr\/wp-json\/wp\/v2\/types\/page"}],"author":[{"embeddable":true,"href":"https:\/\/www.nexusgroup.ca\/fr\/wp-json\/wp\/v2\/users\/1"}],"replies":[{"embeddable":true,"href":"https:\/\/www.nexusgroup.ca\/fr\/wp-json\/wp\/v2\/comments?post=33418"}],"version-history":[{"count":0,"href":"https:\/\/www.nexusgroup.ca\/fr\/wp-json\/wp\/v2\/pages\/33418\/revisions"}],"up":[{"embeddable":true,"href":"https:\/\/www.nexusgroup.ca\/fr\/wp-json\/wp\/v2\/pages\/33415"}],"wp:attachment":[{"href":"https:\/\/www.nexusgroup.ca\/fr\/wp-json\/wp\/v2\/media?parent=33418"}],"curies":[{"name":"wp","href":"https:\/\/api.w.org\/{rel}","templated":true}]}}