{"id":33416,"date":"2019-04-13T05:43:44","date_gmt":"2019-04-13T05:43:44","guid":{"rendered":"https:\/\/staging.nexusgroup.ca\/?page_id=33416"},"modified":"2019-04-14T22:06:38","modified_gmt":"2019-04-14T22:06:38","slug":"les-solutions-de-dotation-rendues-faciles","status":"publish","type":"page","link":"https:\/\/www.nexusgroup.ca\/fr\/ce-que-nous-faisons\/les-solutions-de-dotation-rendues-faciles\/","title":{"rendered":"Les solutions de dotation rendues faciles"},"content":{"rendered":"<h3>Dotation en personnel contractuel<\/h3>\n<p>La principale expertise de Nexus Group est ax\u00e9e sur le recrutement et le placement de ressources commerciales et techniques comp\u00e9tentes pour des projets d\u2019une dur\u00e9e pr\u00e9cise. Nous utilisons nos meilleures pratiques sp\u00e9cialis\u00e9es du secteur du recrutement afin de trouver et de s\u00e9lectionner les bonnes ressources pour votre entreprise.  <\/p>\n<p>&nbsp;<\/p>\n<h3>Augmentation du personnel<\/h3>\n<p>L\u2019organisation de livraison de Nexus Group est charg\u00e9e de comprendre les exigences techniques et commerciales de ses clients. Le r\u00e9sultat : une compr\u00e9hension des aspects technologiques et commerciaux qui est utilis\u00e9e pour la s\u00e9lection et le placement de toutes nos ressources. <\/p>\n<p><a href=\"http:\/\/nexusgroup.ca\/wp-content\/uploads\/2015\/10\/combine.jpg\"><img loading=\"lazy\" decoding=\"async\" class=\"alignnone size-full wp-image-5248\" src=\"http:\/\/nexusgroup.ca\/wp-content\/uploads\/2015\/10\/combine.jpg\" alt=\"combine\" width=\"391\" height=\"151\" srcset=\"https:\/\/www.nexusgroup.ca\/wp-content\/uploads\/2015\/10\/combine.jpg 391w, https:\/\/www.nexusgroup.ca\/wp-content\/uploads\/2015\/10\/combine-300x116.jpg 300w\" sizes=\"auto, (max-width: 391px) 100vw, 391px\" \/><\/a><\/p>\n<p>La principale expertise de Nexus Group est ax\u00e9e sur le recrutement et le placement de ressources commerciales et techniques comp\u00e9tentes pour des projets d\u2019une dur\u00e9e pr\u00e9cise. Nous utilisons nos meilleures pratiques sp\u00e9cialis\u00e9es du secteur du recrutement afin de trouver et de s\u00e9lectionner les bonnes ressources pour votre entreprise.<\/p>\n<p><strong>Voici une liste partielle des domaines dans lesquels nous nous sp\u00e9cialisons :<\/strong><\/p>\n<ul>\n<li>Gestionnaire\/responsable de programme\/projet<\/li>\n<li>Analyse op\u00e9rationnelle<\/li>\n<li>D\u00e9veloppement de syst\u00e8mes<\/li>\n<li>Architecture de l\u2019information<\/li>\n<li>Assurance de la qualit\u00e9\/responsables gr\u00e2ce \u00e0 l\u2019analyse<\/li>\n<li>Architecture et leadership de solutions techniques<\/li>\n<li>D\u00e9veloppement d\u2019interfaces<\/li>\n<li>Administration des bases de donn\u00e9es<\/li>\n<li>R\u00e9daction technique<\/li>\n<li>Administration de syst\u00e8mes<\/li>\n<li>Services de r\u00e9seaux<\/li>\n<li>D\u00e9veloppement de commerce \u00e9lectronique<\/li>\n<li>Validation et essais de la s\u00e9curit\u00e9 des syst\u00e8mes<\/li>\n<li>Analyse financi\u00e8re<\/li>\n<li>Ressources financi\u00e8res et comptables<\/li>\n<\/ul>\n<p>&nbsp;<\/p>\n<h3>Placements permanents<\/h3>\n<p>Trouver les bons talents pour r\u00e9pondre aux besoins en mati\u00e8re de ressources de votre organisation est une source de grande fiert\u00e9 pour nous. Gr\u00e2ce \u00e0 notre m\u00e9thodologie et notre processus de recrutement, les meilleurs de leur cat\u00e9gorie, notre base de donn\u00e9es exclusive de personnes talentueuses et notre compr\u00e9hension des activit\u00e9s qui sont \u00e0 la base de vos besoins technologiques, Nexus donne toujours les r\u00e9sultats auxquels vous vous attendez.<\/p>\n<p>Nexus offre des recherches \u00e0 service complet pour des postes permanents que nos clients souhaitent pourvoir. Malgr\u00e9 le march\u00e9 de l\u2019emploi concurrentiel et la recherche d\u2019employ\u00e9s talentueux qui ne sont souvent pas disponibles, le processus, la base de donn\u00e9es exclusive et l\u2019\u00e9quipe de professionnels en recrutement de Nexus produisent toujours des r\u00e9sultats!<\/p>\n","protected":false},"excerpt":{"rendered":"<p>Dotation en personnel contractuel La principale expertise de Nexus Group est ax\u00e9e sur le recrutement et le placement de ressources commerciales et techniques comp\u00e9tentes pour des projets d\u2019une dur\u00e9e pr\u00e9cise. Nous utilisons nos meilleures pratiques sp\u00e9cialis\u00e9es du secteur du recrutement afin de trouver et de s\u00e9lectionner les bonnes ressources pour votre entreprise. &nbsp; Augmentation du [&hellip;]<\/p>\n","protected":false},"author":1,"featured_media":0,"parent":33415,"menu_order":0,"comment_status":"closed","ping_status":"closed","template":"","meta":{"inline_featured_image":false,"_genesis_hide_title":false,"_genesis_hide_breadcrumbs":false,"_genesis_hide_singular_image":false,"_genesis_hide_footer_widgets":false,"_genesis_custom_body_class":"","_genesis_custom_post_class":"","_genesis_layout":"","footnotes":""},"class_list":{"0":"post-33416","1":"page","2":"type-page","3":"status-publish","5":"entry"},"_links":{"self":[{"href":"https:\/\/www.nexusgroup.ca\/fr\/wp-json\/wp\/v2\/pages\/33416","targetHints":{"allow":["GET"]}}],"collection":[{"href":"https:\/\/www.nexusgroup.ca\/fr\/wp-json\/wp\/v2\/pages"}],"about":[{"href":"https:\/\/www.nexusgroup.ca\/fr\/wp-json\/wp\/v2\/types\/page"}],"author":[{"embeddable":true,"href":"https:\/\/www.nexusgroup.ca\/fr\/wp-json\/wp\/v2\/users\/1"}],"replies":[{"embeddable":true,"href":"https:\/\/www.nexusgroup.ca\/fr\/wp-json\/wp\/v2\/comments?post=33416"}],"version-history":[{"count":0,"href":"https:\/\/www.nexusgroup.ca\/fr\/wp-json\/wp\/v2\/pages\/33416\/revisions"}],"up":[{"embeddable":true,"href":"https:\/\/www.nexusgroup.ca\/fr\/wp-json\/wp\/v2\/pages\/33415"}],"wp:attachment":[{"href":"https:\/\/www.nexusgroup.ca\/fr\/wp-json\/wp\/v2\/media?parent=33416"}],"curies":[{"name":"wp","href":"https:\/\/api.w.org\/{rel}","templated":true}]}}