{"id":33415,"date":"2019-04-13T05:39:09","date_gmt":"2019-04-13T05:39:09","guid":{"rendered":"https:\/\/staging.nexusgroup.ca\/?page_id=33415"},"modified":"2019-04-14T22:04:59","modified_gmt":"2019-04-14T22:04:59","slug":"ce-que-nous-faisons","status":"publish","type":"page","link":"https:\/\/www.nexusgroup.ca\/fr\/ce-que-nous-faisons\/","title":{"rendered":"Ce que nous faisons"},"content":{"rendered":"<p>Il est important pour vous de choisir un partenaire engag\u00e9, chevronn\u00e9 et comp\u00e9tent, qui comprend les besoins de votre entreprise et vos besoins en mati\u00e8re de ressources, et Nexus est ce partenaire. Nexus offre un ensemble de services ax\u00e9s sur la prestation de solutions de qualit\u00e9 de dotation en personnel commercial et technologique.<\/p>\n<p><a href=\"\/fr\/staffing-solutions-made-easy\/\">Les solutions de dotation facilit\u00e9es<\/a><\/p>\n<p><a href=\"\/fr\/contingent-workforce-management-and-payroll-solutions\/\">Gestion de la main-d\u2019\u0153uvre occasionnelle et solutions de paie <\/a><\/p>\n<p><a href=\"\/fr\/technology-consulting-and-delivery\/\">Services-conseils en technologie et prestation <\/a><\/p>\n","protected":false},"excerpt":{"rendered":"<p>Il est important pour vous de choisir un partenaire engag\u00e9, chevronn\u00e9 et comp\u00e9tent, qui comprend les besoins de votre entreprise et vos besoins en mati\u00e8re de ressources, et Nexus est ce partenaire. Nexus offre un ensemble de services ax\u00e9s sur la prestation de solutions de qualit\u00e9 de dotation en personnel commercial et technologique. Les solutions [&hellip;]<\/p>\n","protected":false},"author":1,"featured_media":0,"parent":0,"menu_order":0,"comment_status":"closed","ping_status":"closed","template":"","meta":{"inline_featured_image":false,"_genesis_hide_title":false,"_genesis_hide_breadcrumbs":false,"_genesis_hide_singular_image":false,"_genesis_hide_footer_widgets":false,"_genesis_custom_body_class":"","_genesis_custom_post_class":"","_genesis_layout":"","footnotes":""},"class_list":{"0":"post-33415","1":"page","2":"type-page","3":"status-publish","5":"entry"},"_links":{"self":[{"href":"https:\/\/www.nexusgroup.ca\/fr\/wp-json\/wp\/v2\/pages\/33415","targetHints":{"allow":["GET"]}}],"collection":[{"href":"https:\/\/www.nexusgroup.ca\/fr\/wp-json\/wp\/v2\/pages"}],"about":[{"href":"https:\/\/www.nexusgroup.ca\/fr\/wp-json\/wp\/v2\/types\/page"}],"author":[{"embeddable":true,"href":"https:\/\/www.nexusgroup.ca\/fr\/wp-json\/wp\/v2\/users\/1"}],"replies":[{"embeddable":true,"href":"https:\/\/www.nexusgroup.ca\/fr\/wp-json\/wp\/v2\/comments?post=33415"}],"version-history":[{"count":0,"href":"https:\/\/www.nexusgroup.ca\/fr\/wp-json\/wp\/v2\/pages\/33415\/revisions"}],"wp:attachment":[{"href":"https:\/\/www.nexusgroup.ca\/fr\/wp-json\/wp\/v2\/media?parent=33415"}],"curies":[{"name":"wp","href":"https:\/\/api.w.org\/{rel}","templated":true}]}}