{"id":33414,"date":"2019-04-13T05:34:20","date_gmt":"2019-04-13T05:34:20","guid":{"rendered":"https:\/\/staging.nexusgroup.ca\/?page_id=33414"},"modified":"2019-06-11T23:25:37","modified_gmt":"2019-06-11T23:25:37","slug":"nous-contacter","status":"publish","type":"page","link":"https:\/\/www.nexusgroup.ca\/fr\/nous-contacter\/","title":{"rendered":"Nous contacter"},"content":{"rendered":"<div class=\"contact-column\">\n<div class=\"wpcf7 no-js\" id=\"wpcf7-f6483-o1\" lang=\"en-US\" dir=\"ltr\" data-wpcf7-id=\"6483\">\n<div class=\"screen-reader-response\"><p role=\"status\" aria-live=\"polite\" aria-atomic=\"true\"><\/p> <ul><\/ul><\/div>\n<form action=\"\/fr\/wp-json\/wp\/v2\/pages\/33414#wpcf7-f6483-o1\" method=\"post\" class=\"wpcf7-form init\" aria-label=\"Contact form\" novalidate=\"novalidate\" data-status=\"init\">\n<fieldset class=\"hidden-fields-container\"><input type=\"hidden\" name=\"_wpcf7\" value=\"6483\" \/><input type=\"hidden\" name=\"_wpcf7_version\" value=\"6.1.1\" \/><input type=\"hidden\" name=\"_wpcf7_locale\" value=\"en_US\" \/><input type=\"hidden\" name=\"_wpcf7_unit_tag\" value=\"wpcf7-f6483-o1\" \/><input type=\"hidden\" name=\"_wpcf7_container_post\" value=\"0\" \/><input type=\"hidden\" name=\"_wpcf7_posted_data_hash\" value=\"\" \/>\n<\/fieldset>\n<p><label> Your Name (required)<br \/>\n<span class=\"wpcf7-form-control-wrap\" data-name=\"your-name\"><input size=\"40\" maxlength=\"400\" class=\"wpcf7-form-control wpcf7-text wpcf7-validates-as-required\" aria-required=\"true\" aria-invalid=\"false\" value=\"\" type=\"text\" name=\"your-name\" \/><\/span> <\/label>\n<\/p>\n<p><label> Your Email (required)<br \/>\n<span class=\"wpcf7-form-control-wrap\" data-name=\"your-email\"><input size=\"40\" maxlength=\"400\" class=\"wpcf7-form-control wpcf7-email wpcf7-validates-as-required wpcf7-text wpcf7-validates-as-email\" aria-required=\"true\" aria-invalid=\"false\" value=\"\" type=\"email\" name=\"your-email\" \/><\/span> <\/label>\n<\/p>\n<p><label> Subject<br \/>\n<span class=\"wpcf7-form-control-wrap\" data-name=\"your-subject\"><input size=\"40\" maxlength=\"400\" class=\"wpcf7-form-control wpcf7-text\" aria-invalid=\"false\" value=\"\" type=\"text\" name=\"your-subject\" \/><\/span> <\/label>\n<\/p>\n<p><label> Your Message<br \/>\n<span class=\"wpcf7-form-control-wrap\" data-name=\"your-message\"><textarea cols=\"40\" rows=\"10\" maxlength=\"2000\" class=\"wpcf7-form-control wpcf7-textarea\" aria-invalid=\"false\" name=\"your-message\"><\/textarea><\/span> <\/label>\n<\/p>\n<p><input class=\"wpcf7-form-control wpcf7-submit has-spinner\" type=\"submit\" value=\"Send\" \/>\n<\/p><div class=\"wpcf7-response-output\" aria-hidden=\"true\"><\/div>\n<\/form>\n<\/div>\n<\/div>\n<div class=\"contact-column\" style=\"padding-left: 50px;\">\n<p><span style=\"color: #2a3139; font-weight: bold; font-size: 1.1em; line-height: 2em;\">Nexus Systems Group Inc. \u2013 Mississauga<\/span><br \/>\n<strong>Adresse<\/strong>: 5155 Spectrum Way #27<br \/>\nMississauga, ON L4W 5A1<br \/>\n<strong>T\u00e9l<\/strong>: (416) 622-1414<br \/>\n<strong>T\u00e9l\u00e9c<\/strong>: (905) 624-1390<br \/>\n<strong>Sans frais<\/strong>: 1-844-822-0541<br \/>\n<strong>Courriel<\/strong>: <a href=\"mailto:info@nexusgroup.ca;line-height:2em\">info@nexusgroup.ca<\/a><\/p>\n<p><span style=\"color: #2a3139; font-weight: bold; font-size: 1.1em;\">Nexus Systems Group Inc. \u2013 Toronto<\/span><br \/>\n<strong>Adresse<\/strong>: 25 Adelaide Street East<br \/>\nSuite 1917<br \/>\nToronto, ON M5C 3A1<br \/>\n<strong>T\u00e9l<\/strong>: (416) 622-1414<br \/>\n<strong>T\u00e9l\u00e9c<\/strong>: (905) 624-1390<br \/>\n<strong>Sans frais<\/strong>: 1-844-822-0541<\/p>\n<p><span style=\"color: #2a3139; font-weight: bold; font-size: 1.1em;\">Nexus Systems Group Inc. \u2013 Montreal<\/span><br \/>\n<strong>Address<\/strong>: 1250 Ren\u00e9 L\u00e9vesque Boulevard West<br \/>\nSuite 2200<br \/>\nMontreal, PQ H3B 4W8<\/p>\n<p><span style=\"color: #2a3139; font-weight: bold; font-size: 1.1em; line-height: 2em;\">Nexus Systems Group Inc. \u2013 Calgary<\/span><br \/>\n<strong>Adresse<\/strong>: 3300, 205 5th Ave SW &#8211; Bow Valley Square II<br \/>\nCalgary, AB T2P 2V7<br \/>\n<strong>Sans frais<\/strong>: 1-844-822-0541<\/p>\n<\/div>\n","protected":false},"excerpt":{"rendered":"<p>Nexus Systems Group Inc. \u2013 Mississauga Adresse: 5155 Spectrum Way #27 Mississauga, ON L4W 5A1 T\u00e9l: (416) 622-1414 T\u00e9l\u00e9c: (905) 624-1390 Sans frais: 1-844-822-0541 Courriel: info@nexusgroup.ca Nexus Systems Group Inc. \u2013 Toronto Adresse: 25 Adelaide Street East Suite 1917 Toronto, ON M5C 3A1 T\u00e9l: (416) 622-1414 T\u00e9l\u00e9c: (905) 624-1390 Sans frais: 1-844-822-0541 Nexus Systems Group [&hellip;]<\/p>\n","protected":false},"author":1,"featured_media":0,"parent":0,"menu_order":0,"comment_status":"open","ping_status":"open","template":"templates\/page-contact.php","meta":{"inline_featured_image":false,"_genesis_hide_title":false,"_genesis_hide_breadcrumbs":false,"_genesis_hide_singular_image":false,"_genesis_hide_footer_widgets":false,"_genesis_custom_body_class":"","_genesis_custom_post_class":"","_genesis_layout":"full-width-content","footnotes":""},"class_list":{"0":"post-33414","1":"page","2":"type-page","3":"status-publish","5":"entry"},"_links":{"self":[{"href":"https:\/\/www.nexusgroup.ca\/fr\/wp-json\/wp\/v2\/pages\/33414","targetHints":{"allow":["GET"]}}],"collection":[{"href":"https:\/\/www.nexusgroup.ca\/fr\/wp-json\/wp\/v2\/pages"}],"about":[{"href":"https:\/\/www.nexusgroup.ca\/fr\/wp-json\/wp\/v2\/types\/page"}],"author":[{"embeddable":true,"href":"https:\/\/www.nexusgroup.ca\/fr\/wp-json\/wp\/v2\/users\/1"}],"replies":[{"embeddable":true,"href":"https:\/\/www.nexusgroup.ca\/fr\/wp-json\/wp\/v2\/comments?post=33414"}],"version-history":[{"count":0,"href":"https:\/\/www.nexusgroup.ca\/fr\/wp-json\/wp\/v2\/pages\/33414\/revisions"}],"wp:attachment":[{"href":"https:\/\/www.nexusgroup.ca\/fr\/wp-json\/wp\/v2\/media?parent=33414"}],"curies":[{"name":"wp","href":"https:\/\/api.w.org\/{rel}","templated":true}]}}