{"id":33411,"date":"2019-04-12T05:59:35","date_gmt":"2019-04-12T05:59:35","guid":{"rendered":"https:\/\/staging.nexusgroup.ca\/?page_id=33411"},"modified":"2021-03-22T03:23:22","modified_gmt":"2021-03-22T03:23:22","slug":"notre-quipe","status":"publish","type":"page","link":"https:\/\/www.nexusgroup.ca\/fr\/qui-nous-sommes\/notre-quipe\/","title":{"rendered":"Notre &eacute;quipe"},"content":{"rendered":"<div style=\"clear: both;\">\n<div style=\"float: left; display: table-cell; margin-right: 22px;\"><img loading=\"lazy\" decoding=\"async\" class=\"alignnone size-full wp-image-33393\" style=\"display: block; border-radius: 50%;\" src=\"http:\/\/nexusgroup.ca\/wp-content\/uploads\/2018\/11\/John-Salameh_sm.jpg\" alt=\"John Eric Salameh - Co-CEO, Co-Founder\" width=\"180\" height=\"180\" srcset=\"https:\/\/www.nexusgroup.ca\/wp-content\/uploads\/2018\/11\/John-Salameh_sm.jpg 180w, https:\/\/www.nexusgroup.ca\/wp-content\/uploads\/2018\/11\/John-Salameh_sm-150x150.jpg 150w\" sizes=\"auto, (max-width: 180px) 100vw, 180px\" \/><\/div>\n<div style=\"display: table-cell;\">\n<h3 style=\"line-height: 30px;\">John-Eric Salameh<br \/>\n<span style=\"font-size: 14px; font-weight: bold;\">Cochef de la direction, cofondateur <i class=\"fa fa-linkedin-square fa-sm\" style=\"font-size: 20px; color: #0077b5; display: inline-block;\"><\/i><\/span><\/h3>\n<p>John Salameh est co-chef de la direction et cofondateur de Nexus. Il travaille en dotation en personnel technologique et en services professionnels depuis 1996. John est responsable de l\u2019ex\u00e9cution des plans de croissance strat\u00e9gique \u00e0 Nexus, mettant principalement l\u2019accent sur la relation avec les clients et les efforts de marketing de Nexus. Avant de fonder Nexus, John a jou\u00e9 un r\u00f4le essentiel en tant que cofondateur de Genex Systems Group, qui \u00e9tait une des plus importantes entreprises de dotation en personnel technologique de la r\u00e9gion du Grand Toronto. En 2006, Genex a \u00e9t\u00e9 achet\u00e9e par une entreprise nationale de dotation.<\/p>\n<p>John si\u00e8ge \u00e9galement au Conseil d\u2019administration de la National Association of Computer Consulting Businesses (NACCB) au Canada et est membre actif du secteur canadien de dotation en personnel des entreprises et en personnel technologique.<\/p>\n<p>John d\u00e9tient un baccalaur\u00e9at en commerce avec sp\u00e9cialisation de l\u2019Universit\u00e9 McMaster, ainsi qu\u2019un MBA de l\u2019Universit\u00e9 Western.<\/p>\n<\/div>\n<p>&nbsp;<\/p>\n<\/div>\n<div style=\"clear: both;\">\n<div style=\"float: left; display: table-cell; margin-right: 22px;\"><img loading=\"lazy\" decoding=\"async\" class=\"alignnone size-full wp-image-33394\" style=\"display: block; border-radius: 50%;\" src=\"http:\/\/nexusgroup.ca\/wp-content\/uploads\/2018\/11\/Marko-Radosevic_sm.jpg\" alt=\"Marko Radosevic - Co-CEO, Co-Founder\" width=\"180\" height=\"180\" srcset=\"https:\/\/www.nexusgroup.ca\/wp-content\/uploads\/2018\/11\/Marko-Radosevic_sm.jpg 180w, https:\/\/www.nexusgroup.ca\/wp-content\/uploads\/2018\/11\/Marko-Radosevic_sm-150x150.jpg 150w\" sizes=\"auto, (max-width: 180px) 100vw, 180px\" \/><\/div>\n<div style=\"display: table-cell;\">\n<h3 style=\"line-height: 30px;\">Marko Radosevic<br \/>\n<span style=\"font-size: 14px; font-weight: bold;\">direction, cofondateur <i class=\"fa fa-linkedin-square fa-sm\" style=\"font-size: 20px; color: #0077b5; display: inline-block;\"><\/i><\/span><\/h3>\n<p>Marko Radosevic est cochef de la direction et cofondateur de Nexus. Il travaille dans le domaine de la dotation en personnel technologique depuis plus de 20 ans. Il assure la gestion de relations avec des clients cl\u00e9s en plus de guider le volet exploitation de Nexus. Avant de fonder Nexus, Marko a jou\u00e9 un r\u00f4le essentiel en tant que cofondateur de Genex Systems Group, qui \u00e9tait une des plus importantes entreprises de dotation en personnel de la r\u00e9gion du GTA. En 2006, Genex a \u00e9t\u00e9 achet\u00e9e par une entreprise nationale de dotation.<\/p>\n<p>Marko d\u00e9tient un baccalaur\u00e9at en sciences politiques avec mineure en sciences environnementales de l\u2019Universit\u00e9 de Toronto.<\/p>\n<\/div>\n<p>&nbsp;<\/p>\n<\/div>\n<div style=\"clear: both;\">\n<div style=\"float: left; display: table-cell; margin-right: 22px;\"><img loading=\"lazy\" decoding=\"async\" class=\"alignnone size-full wp-image-33392\" style=\"display: block; border-radius: 50%;\" src=\"http:\/\/nexusgroup.ca\/wp-content\/uploads\/2018\/11\/Jeremy-Mason_sm.jpg\" alt=\"Jeremy - Mason Managing Director\" width=\"180\" height=\"180\" srcset=\"https:\/\/www.nexusgroup.ca\/wp-content\/uploads\/2018\/11\/Jeremy-Mason_sm.jpg 180w, https:\/\/www.nexusgroup.ca\/wp-content\/uploads\/2018\/11\/Jeremy-Mason_sm-150x150.jpg 150w\" sizes=\"auto, (max-width: 180px) 100vw, 180px\" \/><\/div>\n<div style=\"display: table-cell;\">\n<h3 style=\"line-height: 30px;\">Jeremy Mason<br \/>\n<span style=\"font-size: 14px; font-weight: bold;\">Directeur g\u00e9n\u00e9ral <i class=\"fa fa-linkedin-square fa-sm\" style=\"font-size: 20px; color: #0077b5; display: inline-block;\"><\/i><\/span><\/h3>\n<p>Jeremy Mason, directeur g\u00e9n\u00e9ral de Nexus, est charg\u00e9 du rendement et de la croissance des \u00e9quipes de vente et des succursales d\u2019un bout \u00e0 l\u2019autre du Canada. Ayant cumul\u00e9 plus de 20 ann\u00e9es d\u2019exp\u00e9rience dans le secteur de la dotation en TI, Jeremy est responsable de la gestion et du d\u00e9veloppement de la relation ex\u00e9cutive avec certains de nos clients cl\u00e9s, en plus de guider les ventes strat\u00e9giques avec ses \u00e9quipes pour nos diff\u00e9rents clients. Avant d\u2019entrer au service de Nexus, Jeremy a pass\u00e9 plus de 8 ans chez Eagle Professional Resources en tant que directeur g\u00e9n\u00e9ral et vice-pr\u00e9sident pour le centre du Canada. Il s\u2019est \u00e9lev\u00e9 dans la hi\u00e9rarchie, ayant travaill\u00e9 pendant plus de 10 ans \u00e0 Ajilon Consulting en qualit\u00e9 de recruteur principal et charg\u00e9 de compte des ventes nationales.<\/p>\n<p>Jeremy d\u00e9tient un baccalaur\u00e9at en sciences sociales de l\u2019Universit\u00e9 McMaster, ainsi qu\u2019un dipl\u00f4me d\u2019\u00e9tudes sup\u00e9rieures en gestion du marketing du Humber College.<\/p>\n<\/div>\n<p>&nbsp;<\/p>\n<\/div>\n","protected":false},"excerpt":{"rendered":"<p>John-Eric Salameh Cochef de la direction, cofondateur John Salameh est co-chef de la direction et cofondateur de Nexus. Il travaille en dotation en personnel technologique et en services professionnels depuis 1996. John est responsable de l\u2019ex\u00e9cution des plans de croissance strat\u00e9gique \u00e0 Nexus, mettant principalement l\u2019accent sur la relation avec les clients et les efforts [&hellip;]<\/p>\n","protected":false},"author":1,"featured_media":0,"parent":33409,"menu_order":0,"comment_status":"closed","ping_status":"closed","template":"","meta":{"inline_featured_image":false,"_genesis_hide_title":false,"_genesis_hide_breadcrumbs":false,"_genesis_hide_singular_image":false,"_genesis_hide_footer_widgets":false,"_genesis_custom_body_class":"","_genesis_custom_post_class":"","_genesis_layout":"","footnotes":""},"class_list":{"0":"post-33411","1":"page","2":"type-page","3":"status-publish","5":"entry","6":"has-post-thumbnail"},"_links":{"self":[{"href":"https:\/\/www.nexusgroup.ca\/fr\/wp-json\/wp\/v2\/pages\/33411","targetHints":{"allow":["GET"]}}],"collection":[{"href":"https:\/\/www.nexusgroup.ca\/fr\/wp-json\/wp\/v2\/pages"}],"about":[{"href":"https:\/\/www.nexusgroup.ca\/fr\/wp-json\/wp\/v2\/types\/page"}],"author":[{"embeddable":true,"href":"https:\/\/www.nexusgroup.ca\/fr\/wp-json\/wp\/v2\/users\/1"}],"replies":[{"embeddable":true,"href":"https:\/\/www.nexusgroup.ca\/fr\/wp-json\/wp\/v2\/comments?post=33411"}],"version-history":[{"count":0,"href":"https:\/\/www.nexusgroup.ca\/fr\/wp-json\/wp\/v2\/pages\/33411\/revisions"}],"up":[{"embeddable":true,"href":"https:\/\/www.nexusgroup.ca\/fr\/wp-json\/wp\/v2\/pages\/33409"}],"wp:attachment":[{"href":"https:\/\/www.nexusgroup.ca\/fr\/wp-json\/wp\/v2\/media?parent=33411"}],"curies":[{"name":"wp","href":"https:\/\/api.w.org\/{rel}","templated":true}]}}