{"id":33409,"date":"2019-04-12T05:48:57","date_gmt":"2019-04-12T05:48:57","guid":{"rendered":"https:\/\/staging.nexusgroup.ca\/?page_id=33409"},"modified":"2019-04-14T22:13:22","modified_gmt":"2019-04-14T22:13:22","slug":"qui-nous-sommes","status":"publish","type":"page","link":"https:\/\/www.nexusgroup.ca\/fr\/qui-nous-sommes\/","title":{"rendered":"Qui nous sommes"},"content":{"rendered":"<p>Nexus est l\u2019un des chefs de file nord-am\u00e9ricains dans la prestation d&rsquo;augmentation du personnel technologique et de consultation en ressources strat\u00e9giques. Gr\u00e2ce \u00e0 son \u00e9quipe de professionnels chevronn\u00e9s qui utilise les meilleures m\u00e9thodologies de leur cat\u00e9gorie, Nexus tient toujours plus que ses promesses, en livrant des r\u00e9sultats rapides, de qualit\u00e9 et dignes de foi \u00e0 ses clients et consultants.<\/p>\n<p>La culture de Nexus est jeune, entrepreneuriale, rapide et amusante. Notre r\u00e9ussite est motiv\u00e9e par nos relations avec notre groupe de consultants et nos clients fantastiques Nous encourageons de nombreux \u00e9v\u00e9nements visant \u00e0 augmenter la coh\u00e9sion du personnel et \u00e0 favoriser une culture o\u00f9 notre personnel se consacre autant \u00e0 son travail qu\u2019\u00e0 ses loisirs Suivez-nous sur Twitter \u00e0 #nexusgroup et sur Instagram at nexus_systems_group<\/p>\n<p><a href=\"https:\/\/staging.nexusgroup.ca\/fr\/qui-nous-sommes\/notre-quipe\/\">Notre \u00e9quipe<\/a><\/p>\n<p><a href=\"https:\/\/staging.nexusgroup.ca\/fr\/qui-nous-sommes\/nouvelles-et-prix\/\">Nouvelles et prix<\/a><\/p>\n<p><a href=\"https:\/\/staging.nexusgroup.ca\/fr\/qui-nous-sommes\/associations-et-communaute\/\">Associations et communaut\u00e9<\/a><\/p>\n","protected":false},"excerpt":{"rendered":"<p>Nexus est l\u2019un des chefs de file nord-am\u00e9ricains dans la prestation d&rsquo;augmentation du personnel technologique et de consultation en ressources strat\u00e9giques. Gr\u00e2ce \u00e0 son \u00e9quipe de professionnels chevronn\u00e9s qui utilise les meilleures m\u00e9thodologies de leur cat\u00e9gorie, Nexus tient toujours plus que ses promesses, en livrant des r\u00e9sultats rapides, de qualit\u00e9 et dignes de foi \u00e0 [&hellip;]<\/p>\n","protected":false},"author":1,"featured_media":0,"parent":0,"menu_order":0,"comment_status":"closed","ping_status":"closed","template":"","meta":{"inline_featured_image":false,"_genesis_hide_title":false,"_genesis_hide_breadcrumbs":false,"_genesis_hide_singular_image":false,"_genesis_hide_footer_widgets":false,"_genesis_custom_body_class":"","_genesis_custom_post_class":"","_genesis_layout":"","footnotes":""},"class_list":{"0":"post-33409","1":"page","2":"type-page","3":"status-publish","5":"entry"},"_links":{"self":[{"href":"https:\/\/www.nexusgroup.ca\/fr\/wp-json\/wp\/v2\/pages\/33409","targetHints":{"allow":["GET"]}}],"collection":[{"href":"https:\/\/www.nexusgroup.ca\/fr\/wp-json\/wp\/v2\/pages"}],"about":[{"href":"https:\/\/www.nexusgroup.ca\/fr\/wp-json\/wp\/v2\/types\/page"}],"author":[{"embeddable":true,"href":"https:\/\/www.nexusgroup.ca\/fr\/wp-json\/wp\/v2\/users\/1"}],"replies":[{"embeddable":true,"href":"https:\/\/www.nexusgroup.ca\/fr\/wp-json\/wp\/v2\/comments?post=33409"}],"version-history":[{"count":0,"href":"https:\/\/www.nexusgroup.ca\/fr\/wp-json\/wp\/v2\/pages\/33409\/revisions"}],"wp:attachment":[{"href":"https:\/\/www.nexusgroup.ca\/fr\/wp-json\/wp\/v2\/media?parent=33409"}],"curies":[{"name":"wp","href":"https:\/\/api.w.org\/{rel}","templated":true}]}}